{"id":796,"date":"2015-07-11T12:14:56","date_gmt":"2015-07-11T12:14:56","guid":{"rendered":"https:\/\/staff.fnwi.uva.nl\/m.derijke\/?page_id=796"},"modified":"2026-04-03T19:05:18","modified_gmt":"2026-04-03T19:05:18","slug":"co-authors-and-co-editors","status":"publish","type":"page","link":"https:\/\/staff.fnwi.uva.nl\/m.derijke\/people\/co-authors-and-co-editors\/","title":{"rendered":"Co-authors and co-editors"},"content":{"rendered":"<p>This is a list of names of people that I have written a paper or book with, or with whom I have edited a special issue or volume.<\/p>\n<ol>\n<li>Zahra Abbasiantaeb<\/li>\n<li>Amin Abolghasemi<\/li>\n<li>Rafael Accorsi<\/li>\n<li>Paul Ackermans<\/li>\n<li>Frans Adriaans<\/li>\n<li>Loredana Afanasiev<\/li>\n<li>Alekh Agarwal<\/li>\n<li>Charu C. Aggarwal<\/li>\n<li>Maristella Agosti<\/li>\n<li>Himani Agrawal<\/li>\n<li>Sheeraz Ahmad<\/li>\n<li>David Ahn<\/li>\n<li>Chaitanya Ahuja<\/li>\n<li>Qingyao Ai<\/li>\n<li>Marco Aiello<\/li>\n<li>Zeynep Akata<\/li>\n<li>Bram van den Akker<\/li>\n<li>Alaa Al Khourdajie<\/li>\n<li>Natasha Alechina<\/li>\n<li>Yosef Worku Alemneh<\/li>\n<li>Mohammad Aliannejadi<\/li>\n<li>Wouter Alink<\/li>\n<li>James Allan<\/li>\n<li>Sara Allawati<\/li>\n<li>Omar Alonso<\/li>\n<li>Ismail Sengor Altingovde<\/li>\n<li>Jesse van Amerongen<\/li>\n<li>Enrique Amig\u00f3<\/li>\n<li>Avishek Anand<\/li>\n<li>Marco Angelini<\/li>\n<li>Aaron Angert<\/li>\n<li>Shuang Ao<\/li>\n<li>Negar Arabzadeh<\/li>\n<li>Carlos Areces<\/li>\n<li>Jaime Arguello<\/li>\n<li>Mozhdeh Ariannezhad<\/li>\n<li>Arian Askari<\/li>\n<li>Jay Aslam<\/li>\n<li>Lili Aunimo<\/li>\n<li>Christelle Ayache<\/li>\n<li>Hosein Azarbonyad<\/li>\n<li>Leif Azzopardi<\/li>\n<li>Joris Baan<\/li>\n<li>Nan Bai<\/li>\n<li>James Bailey<\/li>\n<li>Peter Bailey<\/li>\n<li>Tim Baldwin<\/li>\n<li>Dan Balliet<\/li>\n<li>Krisztian Balog<\/li>\n<li>Lotte Baltussen<\/li>\n<li>Edward Banner<\/li>\n<li>Johan Barth\u00e9lemy<\/li>\n<li>Hannah Bast<\/li>\n<li>Tomasz Bednarz<\/li>\n<li>Jonneke Bekkenkamp<\/li>\n<li>Nick Belkin<\/li>\n<li>Alejandro Bellogin<\/li>\n<li>Serge Belongie<\/li>\n<li>Michael Bendersky<\/li>\n<li>Gabriel B\u00e9n\u00e9dict<\/li>\n<li>Brandon Bennet<\/li>\n<li>Johan van Benthem<\/li>\n<li>Klaus Berberich<\/li>\n<li>Richard Berendsen<\/li>\n<li>Raffaella Bernardi<\/li>\n<li>Jana Besser<\/li>\n<li>Alex Beutel<\/li>\n<li>Samarth Bhargav<\/li>\n<li>Umang Bhatt<\/li>\n<li>Asia Biega<\/li>\n<li>Maria Bielikova<\/li>\n<li>Arianna Bisazza<\/li>\n<li>Bodo von Billerbeck<\/li>\n<li>Patrick Blackburn<\/li>\n<li>Maurits Bleeker<\/li>\n<li>Toine Bogers<\/li>\n<li>Peter Boncz<\/li>\n<li>Alexey Borisov<\/li>\n<li>Pia Borlund<\/li>\n<li>Corrado Boscarino<\/li>\n<li>Antal van den Bosch<\/li>\n<li>Gionata Bouch\u00e9<\/li>\n<li>Gosse Bouma<\/li>\n<li>Lucas Bouma<\/li>\n<li>Wiet Bouma<\/li>\n<li>Basma El Amel Boussaha<\/li>\n<li>Sebastian Brand<\/li>\n<li>Martin Braschler<\/li>\n<li>Alex Braylan<\/li>\n<li>Mathias Breuss<\/li>\n<li>Bart Brinkman<\/li>\n<li>Marc Bron<\/li>\n<li>Sebastian Bruch<\/li>\n<li>Michiel van der Bruggen<\/li>\n<li>Robert-Jan Bruintjes<\/li>\n<li>Peter Bruza<\/li>\n<li>Minh Thuong Bui<\/li>\n<li>Paul Buitelaar<\/li>\n<li>Lars Buitinck<\/li>\n<li>Jeroen Bulters<\/li>\n<li>Bjorn Burscher<\/li>\n<li>Fritjof B\u00fcttner<\/li>\n<li>Fei Cai<\/li>\n<li>Hengyi Cai<\/li>\n<li>Jamie Callan<\/li>\n<li>Renato Calzone<\/li>\n<li>Rob Capra<\/li>\n<li>Caterina Caracciolo<\/li>\n<li>Mark Carman<\/li>\n<li>Jorge Carrillo-de-Albornoz<\/li>\n<li>Ben Carterette<\/li>\n<li>Bunyamin Cetinkaya<\/li>\n<li>Brittany Chan<\/li>\n<li>Raman Chandrasekar<\/li>\n<li>Heng-Lu Chang<\/li>\n<li>Wanxiang Che<\/li>\n<li>Bunyan Chen<\/li>\n<li>Haitian Chen<\/li>\n<li>Hao Chen<\/li>\n<li>Honghui Chen<\/li>\n<li>Hongshen Chen<\/li>\n<li>Huanhuan Chen<\/li>\n<li>Jiangui Chen<\/li>\n<li>Yifan Chen<\/li>\n<li>Wanyu Chen<\/li>\n<li>Wei Chen<\/li>\n<li>Xinyi Chen<\/li>\n<li>Xiuying Chen<\/li>\n<li>Zheng Chen<\/li>\n<li>Zhihong Chen<\/li>\n<li>Zhumin Chen<\/li>\n<li>Qiannan Cheng<\/li>\n<li>Xueqi Cheng<\/li>\n<li>Xiuzhen Cheng<\/li>\n<li>Boris Chidlovskii<\/li>\n<li>Chun Ming Chin<\/li>\n<li>Khalid Choukri<\/li>\n<li>Wei Chu<\/li>\n<li>Tat-Seng Chua<\/li>\n<li>Irina Chugur<\/li>\n<li>Aleksandr Chuklin<\/li>\n<li>Charles L. A. Clarke<\/li>\n<li>Maarten Clements<\/li>\n<li>Paul Clough<\/li>\n<li>Michael Cochez<\/li>\n<li>Daniel Cohen<\/li>\n<li>Kevyn Collins-Thompson<\/li>\n<li>Adolfo Corujo<\/li>\n<li>Nick Craswell<\/li>\n<li>Fabio Crestani<\/li>\n<li>W. Bruce Croft<\/li>\n<li>Laszlo Csirmaz<\/li>\n<li>Shane J. Culpepper<\/li>\n<li>Declan Curran<\/li>\n<li>Mark D&#8217;Inverno<\/li>\n<li>Ingo Dahn<\/li>\n<li>Jeff Dalton<\/li>\n<li>Brandon Dang<\/li>\n<li>Anubrata Das<\/li>\n<li>Santiago de Leon-Martinez<\/li>\n<li>Romain Deffayet<\/li>\n<li>Jon Degenhardt<\/li>\n<li>Mostafa Dehghani<\/li>\n<li>Paul Dekker<\/li>\n<li>Gianluca Demartini<\/li>\n<li>Getnet Demil<\/li>\n<li>Stephane Demri<\/li>\n<li>Songgaojun Deng<\/li>\n<li>Wentao Deng<\/li>\n<li>Zhirui Deng<\/li>\n<li>Koen Deschacht<\/li>\n<li>Claudio Di Ciccio<\/li>\n<li>Fernando Diaz<\/li>\n<li>Laura Dietz<\/li>\n<li>Frank Dignum<\/li>\n<li>Virginia Dignum<\/li>\n<li>Jos\u00e9 van Dijck<\/li>\n<li>David van Dijk<\/li>\n<li>Ioanna Dimitriou<\/li>\n<li>Giorgio Maria Di Nunzio<\/li>\n<li>Claire Dixon<\/li>\n<li>Roel Dobbe<\/li>\n<li>Willemijn van Dolen<\/li>\n<li>Steven Dong<\/li>\n<li>Joost van Doorn<\/li>\n<li>Zhicheng Dou<\/li>\n<li>Nicholas Drabowski<\/li>\n<li>Max Z. van Drunen<\/li>\n<li>Kevin Duh<\/li>\n<li>Max Johannes van Duijn<\/li>\n<li>Susan Dumais<\/li>\n<li>Guszti Eiben<\/li>\n<li>Jan van Eijck<\/li>\n<li>Carsten Eijckhoff<\/li>\n<li>Miles Efron<\/li>\n<li>Michael D. Ekstrand<\/li>\n<li>Erik Elgersma<\/li>\n<li>Mark Eramian<\/li>\n<li>Breyten Ernsting<\/li>\n<li>Panagiotis Eustratiadis<\/li>\n<li>Miao Fan<\/li>\n<li>Yixing Fan<\/li>\n<li>Hui Fang<\/li>\n<li>Jinyuan Fang<\/li>\n<li>Min Fang<\/li>\n<li>Yang Fang<\/li>\n<li>Yi Fang<\/li>\n<li>Chong Feng<\/li>\n<li>Fuli Feng<\/li>\n<li>Haoyun Feng<\/li>\n<li>Javier Fern\u00e1ndez<\/li>\n<li>Nicola Ferro<\/li>\n<li>Michael Fisher<\/li>\n<li>Sisay Fissaha Adafre<\/li>\n<li>Antske Fokkens<\/li>\n<li>Pamela Forner<\/li>\n<li>Adam Fourney<\/li>\n<li>Enrico Franconi<\/li>\n<li>Massimo Franchescet<\/li>\n<li>Raymond Franz<\/li>\n<li>Lesley Frew<\/li>\n<li>Xuelong Fu<\/li>\n<li>Norbert Fuhr<\/li>\n<li>Marguerite Fuller<\/li>\n<li>Amanda Furtado Brinhosa<\/li>\n<li>Linda van der Gaag<\/li>\n<li>Dov Gabbay<\/li>\n<li>Bertrand Gaiffe<\/li>\n<li>Chongming Gao<\/li>\n<li>Jianfeng Gao<\/li>\n<li>Shen Gao<\/li>\n<li>Cristina Garbacea<\/li>\n<li>Jean Garcia-Gathright<\/li>\n<li>Claire Gardent<\/li>\n<li>Stratis Gavves<\/li>\n<li>Gijs Geleijnse<\/li>\n<li>Sahika Genc<\/li>\n<li>Rosella Gennari<\/li>\n<li>Shlomo Geva<\/li>\n<li>Theo Gevers<\/li>\n<li>Fred Gey<\/li>\n<li>Danilo Giampiccolo<\/li>\n<li>Noah Gie\u00dfing<\/li>\n<li>Jonathan Ginzburg<\/li>\n<li>Gregory Hok Tjoan Go<\/li>\n<li>Bart de Goede<\/li>\n<li>Kenneth Goei<\/li>\n<li>Bart Goethals<\/li>\n<li>Julio Gonzalo<\/li>\n<li>Rajeev Gore<\/li>\n<li>Evan Goris<\/li>\n<li>Jasmijn van Gorp<\/li>\n<li>Guido Lorenzo Granato<\/li>\n<li>David Graus<\/li>\n<li>Katie Green<\/li>\n<li>Carla Groenland<\/li>\n<li>Davide Grossi<\/li>\n<li>Paul Groth<\/li>\n<li>Artem Grotov<\/li>\n<li>Xiaotiao Gu<\/li>\n<li>Shubha Guha<\/li>\n<li>Jiafeng Guo<\/li>\n<li>Shuyu Guo<\/li>\n<li>Mukesh Kumar Gupta<\/li>\n<li>Shashank Gupta<\/li>\n<li>Mateo Gutierrez Granada<\/li>\n<li>Willem van Hage<\/li>\n<li>Philipp Hager<\/li>\n<li>Alan Hanbury<\/li>\n<li>Hinda Haned<\/li>\n<li>Alan Hanjalic<\/li>\n<li>Preber Hansen<\/li>\n<li>Zhang Haojie<\/li>\n<li>Donna Harman<\/li>\n<li>Frank van Harmelen<\/li>\n<li>Seyyed Hadi Hashemi<\/li>\n<li>Faegheh Hasibi<\/li>\n<li>Claudia Hauff<\/li>\n<li>David Hawking<\/li>\n<li>Jiyin He<\/li>\n<li>Xiangnan He<\/li>\n<li>Yongquan He<\/li>\n<li>Juan Heguiabehere<\/li>\n<li>Natali Helberger<\/li>\n<li>Mariya Hendriksen<\/li>\n<li>Hans Henseler<\/li>\n<li>Karin Friberg Heppin<\/li>\n<li>Eelco Herder<\/li>\n<li>Christian Herold<\/li>\n<li>Jesus Herrera<\/li>\n<li>William Hersh<\/li>\n<li>Mathieu Heruer<\/li>\n<li>Maria Heuss<\/li>\n<li>Wietske van den Heuvel<\/li>\n<li>Dirk Heylen<\/li>\n<li>Koen Hindriks<\/li>\n<li>Max Hirschel<\/li>\n<li>Sanaa Hobeichi<\/li>\n<li>Wiebe van der Hoek<\/li>\n<li>Maartje ter Hoeve<\/li>\n<li>Katja Hofmann<\/li>\n<li>Laura Hollink<\/li>\n<li>Vera Hollink<\/li>\n<li>Herke van Hoof<\/li>\n<li>Holger Hoos<\/li>\n<li>Ian Horrocks<\/li>\n<li>Lu Hou<\/li>\n<li>Mohanna Hoveyda<\/li>\n<li>Wenyu Hu<\/li>\n<li>Jia-Hong Huang<\/li>\n<li>Jin Huang<\/li>\n<li>Na Huang<\/li>\n<li>Peixin Huang<\/li>\n<li>Yufei Huang<\/li>\n<li>David Huard<\/li>\n<li>Pim Huijnen<\/li>\n<li>Haley Hung<\/li>\n<li>Bart van den Hurk<\/li>\n<li>Ullrich Hustadt<\/li>\n<li>Bouke Huurnink<\/li>\n<li>Dongyoon Hwang<\/li>\n<li>Leonie IJzereef<\/li>\n<li>Gabriel Infante-Lopez<\/li>\n<li>Rolf Jagerman<\/li>\n<li>Anni J\u00e4rvelin<\/li>\n<li>Kalervo J\u00e4rvelin<\/li>\n<li>Jan Jaspars<\/li>\n<li>Olivier Jeunen<\/li>\n<li>Bingbing Jiang<\/li>\n<li>Shaojie Jiang<\/li>\n<li>Valentin Jijkoun<\/li>\n<li>Thorsten Joachims<\/li>\n<li>Ivan Joghi<\/li>\n<li>Hideo Joho<\/li>\n<li>Gareth Jones<\/li>\n<li>Rosie Jones<\/li>\n<li>Annemiek de Jong<\/li>\n<li>Marleen de Jonge<\/li>\n<li>Catholijn Jonker<\/li>\n<li>Damien Jose<\/li>\n<li>Joemon Jose<\/li>\n<li>Shafiq Joty<\/li>\n<li>Jia-Huei Ju<\/li>\n<li>Sami Jullien<\/li>\n<li>Ajinkya Kale<\/li>\n<li>Surya Kallumadi<\/li>\n<li>Toshihiro Kamishima<\/li>\n<li>Jaap Kamps<\/li>\n<li>Noriko Kando<\/li>\n<li>Jingwei Kang<\/li>\n<li>Zhanhui Kang<\/li>\n<li>Evangelos Kanoulas<\/li>\n<li>Paul Kantor<\/li>\n<li>Rianne Kaptein<\/li>\n<li>Pinar Karagoz<\/li>\n<li>Jasmin Kareem<\/li>\n<li>Bojan Karla\u0161<\/li>\n<li>Jussi Karlgren<\/li>\n<li>Vasileios Karlis<\/li>\n<li>Zohar Karnin<\/li>\n<li>Gabriella Kazai<\/li>\n<li>Jaana Kek\u00e4l\u00e4inen<\/li>\n<li>Diane Kelly<\/li>\n<li>Tom Kenter<\/li>\n<li>Krishnaram Kenthapadi<\/li>\n<li>Mahboub Khalid<\/li>\n<li>Pooya Khandel<\/li>\n<li>Evgeny Kharitonov<\/li>\n<li>Daniel Khashabi<\/li>\n<li>Madhurima Khirbat<\/li>\n<li>Henna Kim<\/li>\n<li>Jaewon Kim<\/li>\n<li>Yubin Kim<\/li>\n<li>Tracy Holloway King<\/li>\n<li>Joost Kircz<\/li>\n<li>Julia Kiseleva<\/li>\n<li>Abhinav Khaitan<\/li>\n<li>Daniel Khashabi<\/li>\n<li>Vivek Khetan<\/li>\n<li>Michael Kluck<\/li>\n<li>Nina van der Knaap<\/li>\n<li>Dennis Koelma<\/li>\n<li>Laura Koesten<\/li>\n<li>Keyi Kong<\/li>\n<li>Marijn Koolen<\/li>\n<li>Vincent Koops<\/li>\n<li>Frank Kootte<\/li>\n<li>Bogomil Kovachev<\/li>\n<li>Wessel Kraaij<\/li>\n<li>Marcus Kracht<\/li>\n<li>Ben Kr\u00f6se<\/li>\n<li>Ernst Kuiper<\/li>\n<li>Ravi Kumar<\/li>\n<li>Natasha Kurtonina<\/li>\n<li>Branislav Kveton<\/li>\n<li>Fons Laan<\/li>\n<li>Inald Lagendijk<\/li>\n<li>Roderik Lagerweij<\/li>\n<li>Preethi Lahoti<\/li>\n<li>Mounia Lalmas<\/li>\n<li>Birger Larsen<\/li>\n<li>Martha Larson<\/li>\n<li>Tor Lattimore<\/li>\n<li>Kamuela Lau<\/li>\n<li>Dawn Lawrie<\/li>\n<li>Matthew Lease<\/li>\n<li>Sungjin Lee<\/li>\n<li>Sonja de Leeuw<\/li>\n<li>Damien Lefortier<\/li>\n<li>Vassilissa Lehoux<\/li>\n<li>Jiahuan Lei<\/li>\n<li>Wenqiang Lei<\/li>\n<li>Oliver Lemon<\/li>\n<li>Andrew Lewis<\/li>\n<li>David Lewis<\/li>\n<li>Chang Li<\/li>\n<li>Dan Li<\/li>\n<li>Dongdong Li<\/li>\n<li>Hongsong Li<\/li>\n<li>Jiaang Li<\/li>\n<li>Jinchao Li<\/li>\n<li>Jing Li<\/li>\n<li>Lihong Li<\/li>\n<li>Miao Li<\/li>\n<li>Ming Li<\/li>\n<li>Peibo Li<\/li>\n<li>Piji Li<\/li>\n<li>Ruiqi Li<\/li>\n<li>Sen Li<\/li>\n<li>Xiangsheng Li<\/li>\n<li>Xinyi Li<\/li>\n<li>Yongkang Li<\/li>\n<li>Yuchen Li<\/li>\n<li>Ziming Li<\/li>\n<li>Defu Lian<\/li>\n<li>Huasheng Liang<\/li>\n<li>Mingfei Liang<\/li>\n<li>Shangsong Liang<\/li>\n<li>Baohao Liao<\/li>\n<li>Q. Vera Liao<\/li>\n<li>Yiming Liao<\/li>\n<li>Michiel van Liempt<\/li>\n<li>Jimmy Lin<\/li>\n<li>Tsung-Yu Lin<\/li>\n<li>Yujie Lin<\/li>\n<li>Ilse van der Linden<\/li>\n<li>Yanxiang Ling<\/li>\n<li>Christina Lioma<\/li>\n<li>Aldo Lipani<\/li>\n<li>Phillip Lippe<\/li>\n<li>Jiqun Liu<\/li>\n<li>Jun Liu<\/li>\n<li>Shihao Liu<\/li>\n<li>Shuchang Liu<\/li>\n<li>Wei Liu<\/li>\n<li>Xiangyuan Liu<\/li>\n<li>Xiaozhong Liu<\/li>\n<li>Yu-An Liu<\/li>\n<li>Yuanna Liu<\/li>\n<li>Yuanxing Liu<\/li>\n<li>Yiqun Liu<\/li>\n<li>Zheng Liu<\/li>\n<li>Zhongkun Liu<\/li>\n<li>Alessio Lomuscio<\/li>\n<li>Hongyu Lu<\/li>\n<li>Wei Lu<\/li>\n<li>Xiaolu Lu<\/li>\n<li>Pierre Lubitzsch<\/li>\n<li>Claudio Lucchese<\/li>\n<li>Ana Lucic<\/li>\n<li>Michael Luck<\/li>\n<li>Hengliang Luo<\/li>\n<li>Zhunchen Luo<\/li>\n<li>Simon Lupart<\/li>\n<li>Mihai Lupu<\/li>\n<li>Fuyu Lv<\/li>\n<li>Jianming Lv<\/li>\n<li>Khang Ly<\/li>\n<li>Yougang Lyu<\/li>\n<li>Jun Ma<\/li>\n<li>Muyang Ma<\/li>\n<li>Shaoping Ma<\/li>\n<li>Weizhi Ma<\/li>\n<li>Xinyu Ma<\/li>\n<li>Craig Macdonald<\/li>\n<li>Bernardo Magnini<\/li>\n<li>Isa Maks<\/li>\n<li>Stepan Malkevich<\/li>\n<li>Tanwi Mallick<\/li>\n<li>Shervin Malmasi<\/li>\n<li>Masoud Mansoury<\/li>\n<li>Jiaxin Mao<\/li>\n<li>Ilya Markov<\/li>\n<li>Maarten Marx<\/li>\n<li>Ivano Masiero<\/li>\n<li>Kamran Massoudi<\/li>\n<li>Judith Masthoff<\/li>\n<li>Philipp Mayr<\/li>\n<li>Graham McDonald<\/li>\n<li>Tyler McDonnell<\/li>\n<li>Quinten McNamara<\/li>\n<li>Lei Mei<\/li>\n<li>Edgar Meij<\/li>\n<li>Siddharth Mehrotra<\/li>\n<li>Kidist Amde Mekonnen<\/li>\n<li>Chuan Meng<\/li>\n<li>Qi Meng<\/li>\n<li>Zaiqiao Meng<\/li>\n<li>Donald Metzler<\/li>\n<li>Wilfried Meyer Viol<\/li>\n<li>Elena Mikhailova<\/li>\n<li>Gilad Mishne<\/li>\n<li>Bhaskar Mitra<\/li>\n<li>Stefano Mizzaro<\/li>\n<li>Fengran Mo<\/li>\n<li>Marie-Francine Moens<\/li>\n<li>Alistair Moffat<\/li>\n<li>Rob Mokken<\/li>\n<li>Angelo Montanari<\/li>\n<li>Christof Monz<\/li>\n<li>Lois Mooiman<\/li>\n<li>Michael Moortgat<\/li>\n<li>Robert Moro<\/li>\n<li>Alessandro Moschitti<\/li>\n<li>Larry Moss<\/li>\n<li>Ron Mulder<\/li>\n<li>Remi Munos<\/li>\n<li>Vanessa Murdock<\/li>\n<li>Jori Mur<\/li>\n<li>Kenton Murray<\/li>\n<li>Henning M\u00fcller<\/li>\n<li>Karin M\u00fcller<\/li>\n<li>Frank Nack<\/li>\n<li>Franco Maria Nardini<\/li>\n<li>Evi Nastou<\/li>\n<li>Shruti Nath<\/li>\n<li>Pim Nauts<\/li>\n<li>Mark Neerincx<\/li>\n<li>Sapna Negi<\/li>\n<li>Eamonn Newman<\/li>\n<li>An Thanh Nguyen<\/li>\n<li>Dat Tien Nguyen<\/li>\n<li>Huy Son Nguyen<\/li>\n<li>Thong Nguy\u1ec5n<\/li>\n<li>Jian-Yun Nie<\/li>\n<li>Liqiang Nie<\/li>\n<li>Wiro Niessen<\/li>\n<li>Vadim Nikulin<\/li>\n<li>Yue Ning<\/li>\n<li>Helen Nissenbaum<\/li>\n<li>Hans de Nivelle<\/li>\n<li>Andreas Nonnengart<\/li>\n<li>Nanne van Noord<\/li>\n<li>Yaser Norouzzadeh Ravari<\/li>\n<li>Elnaz Nouri<\/li>\n<li>Douglas W. Oard<\/li>\n<li>Daan Odijk<\/li>\n<li>Andrei Oghina<\/li>\n<li>Hans-J\u00fcrgen Ohlbach<\/li>\n<li>Andrew Okem<\/li>\n<li>Frans Oliehoek<\/li>\n<li>Eugenio Oliveira<\/li>\n<li>Marius Olsthoorn<\/li>\n<li>Alexandra Olteanu<\/li>\n<li>Rob van Ommering<\/li>\n<li>Kezban Dilek Onal<\/li>\n<li>Johan Oomen<\/li>\n<li>Harrie Oosterhuis<\/li>\n<li>Miles Osborne<\/li>\n<li>Petya Osenova<\/li>\n<li>Dan Ou<\/li>\n<li>Iadh Ounis<\/li>\n<li>Olga Ovcharenko<\/li>\n<li>Denis Ozornin<\/li>\n<li>Vaishali Pal<\/li>\n<li>Zhiqiang Pan<\/li>\n<li>Zhou Pan<\/li>\n<li>Gaurav Pandey<\/li>\n<li>Liang Pang<\/li>\n<li>Maria Panteli<\/li>\n<li>Samuele Papa<\/li>\n<li>Andreas Paraskeva<\/li>\n<li>Rama Kumar Pasumarthi<\/li>\n<li>Mykola Pechenizkiy<\/li>\n<li>Hendrike Peetz<\/li>\n<li>Jiahuan Pei<\/li>\n<li>Victor Peinado<\/li>\n<li>Anselmo Penas<\/li>\n<li>Baolin Peng<\/li>\n<li>Wenjun Peng<\/li>\n<li>Raffaele Perego<\/li>\n<li>Barbara Pernici<\/li>\n<li>Simone Peruzzo<\/li>\n<li>Roxana Petcu<\/li>\n<li>Carol Peters<\/li>\n<li>Vivien Petras<\/li>\n<li>Helen Petri<\/li>\n<li>Benjamin Pettit<\/li>\n<li>Emanuele Pianta<\/li>\n<li>Jelle Piepenbrock<\/li>\n<li>Toine Pieters<\/li>\n<li>Andy P. Pimentel<\/li>\n<li>Florina Piroi<\/li>\n<li>Gabrielle Poerwawinata<\/li>\n<li>Axel Polleres<\/li>\n<li>Alban Ponse<\/li>\n<li>Christopher Power<\/li>\n<li>Kambadur Prabhanjan<\/li>\n<li>Henri Prakken<\/li>\n<li>Jirui Qi<\/li>\n<li>Yuechen Qian<\/li>\n<li>Jinfeng Qiao<\/li>\n<li>Kira Radinsky<\/li>\n<li>Filip Radlinski<\/li>\n<li>Sara Rajaee<\/li>\n<li>Jon Ragetli<\/li>\n<li>Md Mustafizur Rahman<\/li>\n<li>Thilina Rajapakse<\/li>\n<li>Joris van Rantwijk<\/li>\n<li>Ridho Reinanda<\/li>\n<li>Pengjie Ren<\/li>\n<li>Zhaochun Ren<\/li>\n<li>Jean-Michel Renders<\/li>\n<li>Kate Revoredo<\/li>\n<li>Julian Richards<\/li>\n<li>Birna van Riemsdijk<\/li>\n<li>Jan N. van Rijn<\/li>\n<li>Adam Roegiest<\/li>\n<li>Diederik Roijers<\/li>\n<li>Michael Roizner<\/li>\n<li>Simone Romagnoli<\/li>\n<li>Fedor Romanenko<\/li>\n<li>Thijs Rood<\/li>\n<li>Ork de Rooij<\/li>\n<li>Sreya Dutta Roy<\/li>\n<li>Andrey Rumyantsev<\/li>\n<li>Tuukka Ruotsalo<\/li>\n<li>Clara Rus<\/li>\n<li>Mark Ryan<\/li>\n<li>Bogdan Sacaleanu<\/li>\n<li>Tetsuya Sakai<\/li>\n<li>Hira Saleem<\/li>\n<li>Flora D. Salim<\/li>\n<li>Clara I. S\u00e1nchez<\/li>\n<li>Koen van de Sande<\/li>\n<li>Mark Sanderson<\/li>\n<li>Diana Santos<\/li>\n<li>Giuseppe Santucci<\/li>\n<li>Luis Sarmento<\/li>\n<li>Fatemeh Sarvi<\/li>\n<li>Sabrina Sauer<\/li>\n<li>Vadim Savenkov<\/li>\n<li>Mahmoud Sayed<\/li>\n<li>Harrisen Scells<\/li>\n<li>Philip Schaer<\/li>\n<li>Johann Schaible<\/li>\n<li>Sebastian Schelter<\/li>\n<li>Bob Schijvenaars<\/li>\n<li>Holger Schlingloff<\/li>\n<li>Stefan Schlobach<\/li>\n<li>Nicole Schneider<\/li>\n<li>Guus Schreiber<\/li>\n<li>Steven Schockaert<\/li>\n<li>Falk Scholer<\/li>\n<li>Anne Schuth<\/li>\n<li>Krister Segerberg<\/li>\n<li>Rozanne Segers<\/li>\n<li>Timos Sellis<\/li>\n<li>Anna Sepliarskaia<\/li>\n<li>Pavel Serdyukov<\/li>\n<li>Merlijn Sevenster<\/li>\n<li>Aliaksei Severyn<\/li>\n<li>Taihua Shao<\/li>\n<li>Yunqiu Shao<\/li>\n<li>Boris Sharchilev<\/li>\n<li>Shahin Shayandeh<\/li>\n<li>Hong Shen<\/li>\n<li>Paraic Sheridan<\/li>\n<li>Chengshun Shi<\/li>\n<li>Haibo Shi<\/li>\n<li>Xinlei Shi<\/li>\n<li>Zhengliang Shi<\/li>\n<li>Atsushi Shimojima<\/li>\n<li>Milad Shokouhi<\/li>\n<li>Satya Narayan Shukla<\/li>\n<li>Luo Si<\/li>\n<li>Floor Sietsma<\/li>\n<li>B\u00f6rkur Sigurbj\u00f6rnsson<\/li>\n<li>Isaac Sijaranamual<\/li>\n<li>Gianmaria Silvello<\/li>\n<li>Fabrizio Silvestri<\/li>\n<li>Robert Sim<\/li>\n<li>Khalil Sima&#8217;an<\/li>\n<li>Elena Simperl<\/li>\n<li>Koustuv Sinha<\/li>\n<li>Clemencia Siro<\/li>\n<li>Laurianne Sitbon<\/li>\n<li>Alan Smeaton<\/li>\n<li>Arnold Smeulders<\/li>\n<li>Mark Smucker<\/li>\n<li>Stephen Snelders<\/li>\n<li>Cees Snoek<\/li>\n<li>Ian Soboroff<\/li>\n<li>Maarten van Someren<\/li>\n<li>Hongru Song<\/li>\n<li>Hongya Song<\/li>\n<li>Hongye Song<\/li>\n<li>Xiaomeng Song<\/li>\n<li>Yang Song<\/li>\n<li>Damiano Spina<\/li>\n<li>Martijn Spitters<\/li>\n<li>Olivier Sprangers<\/li>\n<li>Madhulika Srikumar<\/li>\n<li>Giorgio Stefanoni<\/li>\n<li>Fridus Steijlen<\/li>\n<li>Arent Stienstra<\/li>\n<li>Ana-Andreea Stoica<\/li>\n<li>Robert Stojnic<\/li>\n<li>Maarten Stol<\/li>\n<li>Luka Stout<\/li>\n<li>Holger Sturm<\/li>\n<li>Lixin Su<\/li>\n<li>Torsten Suel<\/li>\n<li>Aixin Sun<\/li>\n<li>Fei Sun<\/li>\n<li>Shuoqi Sun<\/li>\n<li>Weiwei Sun<\/li>\n<li>Wenchao Sun<\/li>\n<li>Richard Sutcliffe<\/li>\n<li>Adith Swaminathan<\/li>\n<li>Csaba Szepesvari<\/li>\n<li>Anders S\u00f8gaard<\/li>\n<li>Amin Tabatabaei<\/li>\n<li>Jacopo Tagliabue<\/li>\n<li>Ankur Taly<\/li>\n<li>Ed Tan<\/li>\n<li>Jintao Tang<\/li>\n<li>Wei Tang<\/li>\n<li>Yubao Tang<\/li>\n<li>Narges Tavakolpoursaleh<\/li>\n<li>James A. Thom<\/li>\n<li>Paul Thomas<\/li>\n<li>Thibault Thonet<\/li>\n<li>Hongtao Tian<\/li>\n<li>Yuanyuan Tian<\/li>\n<li>Zhi Tian<\/li>\n<li>Erik Tjong Kim Sang<\/li>\n<li>Gabriele Tolomei<\/li>\n<li>Andrew Tomkins<\/li>\n<li>Elaine Toms<\/li>\n<li>Anna Tordai<\/li>\n<li>Edmund Totin<\/li>\n<li>Cong-Nguyen Tran<\/li>\n<li>Dolf Trieschnigg<\/li>\n<li>Johanne R. Trippas<\/li>\n<li>Andrew Trotman<\/li>\n<li>Anthony Truchet<\/li>\n<li>Manos Tsagkias<\/li>\n<li>Oren Tsur<\/li>\n<li>Zhaopeng Tu<\/li>\n<li>Tomas Tunys<\/li>\n<li>Andrew Turpin<\/li>\n<li>Jasper Uijlings<\/li>\n<li>Yury Ustinovsky<\/li>\n<li>Hans Uszkoreit<\/li>\n<li>Marta Utama<\/li>\n<li>Svitlana Vakulenko<\/li>\n<li>Ramamurthy Valavandan<\/li>\n<li>Alessandro Vallin<\/li>\n<li>Christophe Van Gysel<\/li>\n<li>Ana-Lucia Varbanescu<\/li>\n<li>Ali Vardasbi<\/li>\n<li>Julita Vassileva<\/li>\n<li>Bas Veeling<\/li>\n<li>Jos van der Velde<\/li>\n<li>Jari Veijalainen<\/li>\n<li>Yde Venema<\/li>\n<li>Suzan Verberne<\/li>\n<li>Rineke Verbrugge<\/li>\n<li>Felisa Verdejo<\/li>\n<li>Bart Verheij<\/li>\n<li>Rens Vliegenthart<\/li>\n<li>Andrei Vishneuski<\/li>\n<li>Hennie van der Vliet<\/li>\n<li>Bart Voorn<\/li>\n<li>David Vos<\/li>\n<li>Nikos Voskarides<\/li>\n<li>Piek Vossen<\/li>\n<li>Arjen de Vries<\/li>\n<li>Sanne Vrijenhoek<\/li>\n<li>Wander Wadman<\/li>\n<li>Ekta Walia<\/li>\n<li>Byron C. Wallace<\/li>\n<li>Jonas Wallat<\/li>\n<li>Dingxian Wang<\/li>\n<li>Hanbing Wang<\/li>\n<li>Jingang Wang<\/li>\n<li>Meirui Wang<\/li>\n<li>Meng Wang<\/li>\n<li>Ruizi Wang<\/li>\n<li>Shanshan Wang<\/li>\n<li>Shenghui Wang<\/li>\n<li>Shuaiqiang Wang<\/li>\n<li>Ting Wang<\/li>\n<li>Wenjie Wang<\/li>\n<li>Xiang Wang<\/li>\n<li>Xuanhui Wang<\/li>\n<li>Yang Wang<\/li>\n<li>Zihan Wang<\/li>\n<li>Heinrich Wansing<\/li>\n<li>Frank van Waveren<\/li>\n<li>Bonnie Webber<\/li>\n<li>William Webber<\/li>\n<li>Roger Wechsler<\/li>\n<li>Wouter Weerkamp<\/li>\n<li>Marlies van der Wees<\/li>\n<li>Furu Wei<\/li>\n<li>Wenda Wei<\/li>\n<li>Max Welling<\/li>\n<li>Ji-Rong Wen<\/li>\n<li>Titia van der Werf<\/li>\n<li>Ryen White<\/li>\n<li>Shimon Whiteson<\/li>\n<li>Nick van der Wildt<\/li>\n<li>Wouter de Winter<\/li>\n<li>Thomas Wolf<\/li>\n<li>Frank Wolter<\/li>\n<li>Dereje Workneh<\/li>\n<li>Marcel Worring<\/li>\n<li>Michael Wooldridge<\/li>\n<li>David Woudenberg<\/li>\n<li>Chen Wu<\/li>\n<li>Chuan Wu<\/li>\n<li>Jiancan Wu<\/li>\n<li>Shiguang Wu<\/li>\n<li>Wei Wu<\/li>\n<li>Aimee van Wynsberghe<\/li>\n<li>Tengxiao Xi<\/li>\n<li>Ning Xian<\/li>\n<li>Alice Xiang<\/li>\n<li>Weidong Xiao<\/li>\n<li>Huangming Xie<\/li>\n<li>Ruobing Xie<\/li>\n<li>Xiaohui Xie<\/li>\n<li>Yangxinyu Xie<\/li>\n<li>Xin Xin<\/li>\n<li>Haoyi Xiong<\/li>\n<li>Chen Xu<\/li>\n<li>Dan Xu<\/li>\n<li>Jun Xu<\/li>\n<li>Yuhui Xu<\/li>\n<li>Hao Xue<\/li>\n<li>Finde Xumara<\/li>\n<li>Mohamed Yahya<\/li>\n<li>Guojun Yan<\/li>\n<li>Lingyong Yan<\/li>\n<li>Qiang Yan<\/li>\n<li>Zuming Yan<\/li>\n<li>Eugene Yang<\/li>\n<li>Grace Hui Yang<\/li>\n<li>Jiyuan Yang<\/li>\n<li>Jun Yang<\/li>\n<li>Liu Yang<\/li>\n<li>Yang Yang<\/li>\n<li>Yechang Yang<\/li>\n<li>Yiming Yang<\/li>\n<li>Xin Yao<\/li>\n<li>Andrew Yates<\/li>\n<li>Mert Yazan<\/li>\n<li>Xiaopeng Ye<\/li>\n<li>Zixin Ye<\/li>\n<li>Ziyi Ye<\/li>\n<li>Zhipeng Yi<\/li>\n<li>Ezgi Y\u0131ld\u0131r\u0131m<\/li>\n<li>Emine Yilmaz<\/li>\n<li>Dawei Yin<\/li>\n<li>Hongzhi Yin<\/li>\n<li>Jian Yin<\/li>\n<li>Xu Yinghui<\/li>\n<li>Dongxiao Yu<\/li>\n<li>Jeffrey Xu Yu<\/li>\n<li>Yifei Yuan<\/li>\n<li>Michael Zakharyaschev<\/li>\n<li>Hamed Zamani<\/li>\n<li>ChengXiang Zhai<\/li>\n<li>Jingtao Zhan<\/li>\n<li>Bo Zhang<\/li>\n<li>Hao Zhang<\/li>\n<li>Hengran Zhang<\/li>\n<li>Kaixuan Zhang<\/li>\n<li>Mengqi Zhang<\/li>\n<li>Min Zhang<\/li>\n<li>Ming Kun Zhang<\/li>\n<li>Ruizhe Zhang<\/li>\n<li>Ruqing Zhang<\/li>\n<li>Shuo Zhang<\/li>\n<li>Wei-Nan Zhang<\/li>\n<li>Weichao Zhang<\/li>\n<li>Weijia Zhang<\/li>\n<li>Wenhao Zhang<\/li>\n<li>Xiaoyu Zhang<\/li>\n<li>Xiuzhen Zhang<\/li>\n<li>Yangjun Zhang<\/li>\n<li>Ye Zhang<\/li>\n<li>Yi Zhang<\/li>\n<li>Yingchen Zhang<\/li>\n<li>Zhen Zhang<\/li>\n<li>Zhixuan Zhang<\/li>\n<li>Kai Zhao<\/li>\n<li>Jujia Zhao<\/li>\n<li>Lifan Zhao<\/li>\n<li>Mengxue Zhao<\/li>\n<li>Xiang Zhao<\/li>\n<li>Yukun Zhao<\/li>\n<li>Yuyue Zhao<\/li>\n<li>Ziqi Zhao<\/li>\n<li>Jianming Zheng<\/li>\n<li>Yunfei Zhong<\/li>\n<li>Changjiang Zhou<\/li>\n<li>Ke Zhou<\/li>\n<li>Haichao Zhu<\/li>\n<li>Onno Zoeter<\/li>\n<li>Masrour Zoghi<\/li>\n<li>Jie Zou<\/li>\n<li>Guido Zuccon<\/li>\n<li>Agata \u017bywot<\/li>\n<\/ol>\n","protected":false},"excerpt":{"rendered":"<p>This is a list of names of people that I have written a paper or book with, or with whom I have edited a special issue or volume. Zahra Abbasiantaeb Amin Abolghasemi Rafael Accorsi Paul Ackermans Frans Adriaans Loredana Afanasiev Alekh Agarwal Charu C. Aggarwal Maristella Agosti Himani Agrawal Sheeraz Ahmad David Ahn Chaitanya Ahuja&#8230;<\/p>\n","protected":false},"author":1,"featured_media":0,"parent":9,"menu_order":0,"comment_status":"closed","ping_status":"closed","template":"","meta":{"footnotes":""},"_links":{"self":[{"href":"https:\/\/staff.fnwi.uva.nl\/m.derijke\/wp-json\/wp\/v2\/pages\/796"}],"collection":[{"href":"https:\/\/staff.fnwi.uva.nl\/m.derijke\/wp-json\/wp\/v2\/pages"}],"about":[{"href":"https:\/\/staff.fnwi.uva.nl\/m.derijke\/wp-json\/wp\/v2\/types\/page"}],"author":[{"embeddable":true,"href":"https:\/\/staff.fnwi.uva.nl\/m.derijke\/wp-json\/wp\/v2\/users\/1"}],"replies":[{"embeddable":true,"href":"https:\/\/staff.fnwi.uva.nl\/m.derijke\/wp-json\/wp\/v2\/comments?post=796"}],"version-history":[{"count":195,"href":"https:\/\/staff.fnwi.uva.nl\/m.derijke\/wp-json\/wp\/v2\/pages\/796\/revisions"}],"predecessor-version":[{"id":4351,"href":"https:\/\/staff.fnwi.uva.nl\/m.derijke\/wp-json\/wp\/v2\/pages\/796\/revisions\/4351"}],"up":[{"embeddable":true,"href":"https:\/\/staff.fnwi.uva.nl\/m.derijke\/wp-json\/wp\/v2\/pages\/9"}],"wp:attachment":[{"href":"https:\/\/staff.fnwi.uva.nl\/m.derijke\/wp-json\/wp\/v2\/media?parent=796"}],"curies":[{"name":"wp","href":"https:\/\/api.w.org\/{rel}","templated":true}]}}